{"id":539,"date":"2024-03-25T23:30:45","date_gmt":"2024-03-26T02:30:45","guid":{"rendered":"https:\/\/loja.oftalmodoscarros.com.br\/?post_type=product&#038;p=539"},"modified":"2024-12-05T14:54:23","modified_gmt":"2024-12-05T17:54:23","slug":"ebook-desvendando-o-processo-do-vapor-do-polimero","status":"publish","type":"product","link":"https:\/\/loja.oftalmodoscarros.com.br\/index.php\/produto\/ebook-desvendando-o-processo-do-vapor-do-polimero\/","title":{"rendered":"Ebook"},"content":{"rendered":"<p>Se voc\u00ea \u00e9 um entusiasta ou um profissional da \u00e1rea automotiva em busca de aprimoramento e resultados impec\u00e1veis, o ebook \u201cDesvendando o Processo do Vapor de Pol\u00edmero\u201d \u00e9 o seu guia essencial. Descubra os segredos por tr\u00e1s da revitaliza\u00e7\u00e3o de far\u00f3is com o Vapor de Pol\u00edmero e eleve o padr\u00e3o dos seus servi\u00e7os.<\/p>\n<p><strong>Por que este ebook \u00e9 indispens\u00e1vel para voc\u00ea:<\/strong><\/p>\n<ol>\n<li><strong>EPIs e seguran\u00e7a:<\/strong>\u00a0Aprenda a import\u00e2ncia dos Equipamentos de Prote\u00e7\u00e3o Individual (EPIs) e as melhores pr\u00e1ticas de seguran\u00e7a para garantir um ambiente de trabalho seguro.<\/li>\n<li><strong>T\u00e9cnicas avan\u00e7adas de lixamento:<\/strong>\u00a0Remova craquelados e o amarelado dos far\u00f3is com t\u00e9cnicas profissionais, garantindo resultados de alta qualidade.<\/li>\n<li><strong>Dicas exclusivas de profissionais:<\/strong>\u00a0Descubra segredos e truques dos melhores profissionais para facilitar e aprimorar o processo de revitaliza\u00e7\u00e3o.<\/li>\n<li><strong>Aplica\u00e7\u00e3o de pol\u00edmero e acabamento perfeito:<\/strong>\u00a0Aprenda a aplicar o pol\u00edmero de forma eficiente e como garantir um acabamento impec\u00e1vel, elevando a qualidade do seu servi\u00e7o.<\/li>\n<\/ol>\n<p><strong>O que voc\u00ea encontrar\u00e1 neste ebook:<\/strong><\/p>\n<ul>\n<li>Passo a passo detalhado do processo, com insights e t\u00e9cnicas avan\u00e7adas.<\/li>\n<li>Lista completa de materiais e equipamentos necess\u00e1rios para um servi\u00e7o de excel\u00eancia.<\/li>\n<li>Dicas de manuten\u00e7\u00e3o preventiva para garantir a satisfa\u00e7\u00e3o do cliente e a durabilidade do servi\u00e7o.<\/li>\n<li>Fornecedores de Equipamentos e Produtos testados e aprovados<\/li>\n<\/ul>\n<p>Ao concluir a leitura, receba um certificado de conclus\u00e3o, comprovando sua expertise e comprometimento com a qualidade. N\u00e3o perca mais tempo, adquira agora o ebook \u201cDesvendando o Processo do Vapor de Pol\u00edmero\u201d e eleve o n\u00edvel dos seus servi\u00e7os de revitaliza\u00e7\u00e3o de far\u00f3is!<\/p>\n","protected":false},"excerpt":{"rendered":"<p>Passo a passo detalhado do processo, com insights e t\u00e9cnicas avan\u00e7adas.<\/p>\n<p>Lista completa de materiais e equipamentos necess\u00e1rios para um servi\u00e7o de excel\u00eancia.<\/p>\n<p>Dicas de manuten\u00e7\u00e3o preventiva para garantir a satisfa\u00e7\u00e3o do cliente e a durabilidade do servi\u00e7o.<\/p>\n<p>Fornecedores de Equipamentos e Produtos testados e aprovados<\/p>\n","protected":false},"featured_media":541,"comment_status":"open","ping_status":"closed","template":"","meta":[],"product_cat":[34,23],"product_tag":[],"class_list":{"0":"post-539","1":"product","2":"type-product","3":"status-publish","4":"has-post-thumbnail","6":"product_cat-cursosebook","7":"product_cat-polimento","8":"product_shipping_class-online","10":"first","11":"instock","12":"sale","13":"downloadable","14":"virtual","15":"sold-individually","16":"purchasable","17":"product-type-simple"},"_links":{"self":[{"href":"https:\/\/loja.oftalmodoscarros.com.br\/index.php\/wp-json\/wp\/v2\/product\/539"}],"collection":[{"href":"https:\/\/loja.oftalmodoscarros.com.br\/index.php\/wp-json\/wp\/v2\/product"}],"about":[{"href":"https:\/\/loja.oftalmodoscarros.com.br\/index.php\/wp-json\/wp\/v2\/types\/product"}],"replies":[{"embeddable":true,"href":"https:\/\/loja.oftalmodoscarros.com.br\/index.php\/wp-json\/wp\/v2\/comments?post=539"}],"wp:featuredmedia":[{"embeddable":true,"href":"https:\/\/loja.oftalmodoscarros.com.br\/index.php\/wp-json\/wp\/v2\/media\/541"}],"wp:attachment":[{"href":"https:\/\/loja.oftalmodoscarros.com.br\/index.php\/wp-json\/wp\/v2\/media?parent=539"}],"wp:term":[{"taxonomy":"product_cat","embeddable":true,"href":"https:\/\/loja.oftalmodoscarros.com.br\/index.php\/wp-json\/wp\/v2\/product_cat?post=539"},{"taxonomy":"product_tag","embeddable":true,"href":"https:\/\/loja.oftalmodoscarros.com.br\/index.php\/wp-json\/wp\/v2\/product_tag?post=539"}],"curies":[{"name":"wp","href":"https:\/\/api.w.org\/{rel}","templated":true}]}}