{"id":614,"date":"2024-04-02T18:52:32","date_gmt":"2024-04-02T21:52:32","guid":{"rendered":"https:\/\/loja.oftalmodoscarros.com.br\/?post_type=product&#038;p=614"},"modified":"2025-11-06T22:46:26","modified_gmt":"2025-11-07T01:46:26","slug":"planilha-de-precificacao-de-servicos","status":"publish","type":"product","link":"https:\/\/loja.oftalmodoscarros.com.br\/index.php\/produto\/planilha-de-precificacao-de-servicos\/","title":{"rendered":"Planilha de Precifica\u00e7\u00e3o de Servi\u00e7os"},"content":{"rendered":"<p>Esta Planilha de Precifica\u00e7\u00e3o de Servi\u00e7os foi criada para que, de forma r\u00e1pida e objetiva, voc\u00ea consiga precificar de forma justa os seus servi\u00e7os, al\u00e9m de outras coisas.<br \/>\n\u00c9 uma planilha dividida em 6 pastas necess\u00e1rias que ter\u00e3o dados inseridos por voc\u00ea para que a precifica\u00e7\u00e3o seja a mais pr\u00f3xima poss\u00edvel da realidade de seu neg\u00f3cio.<\/p>\n<p>Assim que for realizado o pagamento, na \u00e1rea &#8220;Minha Conta&#8221; aparecer\u00e1 um link disponibilizando o arquivo para download.<\/p>\n","protected":false},"excerpt":{"rendered":"<p>Planilha de Precifica\u00e7\u00e3o para qualquer tipo de servi\u00e7o.<\/p>\n","protected":false},"featured_media":615,"comment_status":"open","ping_status":"closed","template":"","meta":[],"product_cat":[35],"product_tag":[],"class_list":{"0":"post-614","1":"product","2":"type-product","3":"status-publish","4":"has-post-thumbnail","6":"product_cat-planilhas","8":"first","9":"instock","10":"sale","11":"downloadable","12":"shipping-taxable","13":"purchasable","14":"product-type-simple"},"_links":{"self":[{"href":"https:\/\/loja.oftalmodoscarros.com.br\/index.php\/wp-json\/wp\/v2\/product\/614"}],"collection":[{"href":"https:\/\/loja.oftalmodoscarros.com.br\/index.php\/wp-json\/wp\/v2\/product"}],"about":[{"href":"https:\/\/loja.oftalmodoscarros.com.br\/index.php\/wp-json\/wp\/v2\/types\/product"}],"replies":[{"embeddable":true,"href":"https:\/\/loja.oftalmodoscarros.com.br\/index.php\/wp-json\/wp\/v2\/comments?post=614"}],"wp:featuredmedia":[{"embeddable":true,"href":"https:\/\/loja.oftalmodoscarros.com.br\/index.php\/wp-json\/wp\/v2\/media\/615"}],"wp:attachment":[{"href":"https:\/\/loja.oftalmodoscarros.com.br\/index.php\/wp-json\/wp\/v2\/media?parent=614"}],"wp:term":[{"taxonomy":"product_cat","embeddable":true,"href":"https:\/\/loja.oftalmodoscarros.com.br\/index.php\/wp-json\/wp\/v2\/product_cat?post=614"},{"taxonomy":"product_tag","embeddable":true,"href":"https:\/\/loja.oftalmodoscarros.com.br\/index.php\/wp-json\/wp\/v2\/product_tag?post=614"}],"curies":[{"name":"wp","href":"https:\/\/api.w.org\/{rel}","templated":true}]}}