{"id":722,"date":"2024-05-17T12:00:44","date_gmt":"2024-05-17T15:00:44","guid":{"rendered":"https:\/\/loja.oftalmodoscarros.com.br\/?post_type=product&#038;p=722"},"modified":"2024-11-04T15:39:05","modified_gmt":"2024-11-04T18:39:05","slug":"lavagem-detalhada-premium-monte-a-sua-lavagem","status":"publish","type":"product","link":"https:\/\/loja.oftalmodoscarros.com.br\/index.php\/produto\/lavagem-detalhada-premium-monte-a-sua-lavagem\/","title":{"rendered":"Lavagem DETALHADA PREMIUM (Monte a sua lavagem)"},"content":{"rendered":"<ul>\n<li>Pr\u00e9-lavagem t\u00e9cnica<\/li>\n<li>Detalhamento externo geral<\/li>\n<li>Lavagem minuciosa com shampoo de pH Alcalino para remo\u00e7\u00e3o da cera existente<\/li>\n<li>Lavagem cap\u00f4 interno e cofre do motor (n\u00e3o inclui motor)<\/li>\n<li>Limpeza dos emblemas<\/li>\n<li>Descontamina\u00e7\u00e3o mec\u00e2nica da pintura<\/li>\n<li>Remo\u00e7\u00e3o dos arranh\u00f5es das ma\u00e7anetas<\/li>\n<li>Aplica\u00e7\u00e3o de selante de Carbono+S\u00edlica na pintura (prote\u00e7\u00e3o de at\u00e9 12 meses)<\/li>\n<li>Revitaliza\u00e7\u00e3o dos pl\u00e1sticos externos<\/li>\n<li>Revitaliza\u00e7\u00e3o das caixas de roda<\/li>\n<li>Limpeza dos pneus e hidrata\u00e7\u00e3o<\/li>\n<li>Limpeza do painel, portas, colunas, console<\/li>\n<li>Revitaliza\u00e7\u00e3o do painel, portas, colunas e console<\/li>\n<li>Limpeza do estepe e cofre<\/li>\n<li>Limpeza interna dos vidros<\/li>\n<li>Remo\u00e7\u00e3o dos bancos para aspira\u00e7\u00e3o e aplica\u00e7\u00e3o de bactericida no carpete<\/li>\n<li>Selante nos Pneus<\/li>\n<li>BRINDE &#8211; Oxisanitiza\u00e7\u00e3o para remo\u00e7\u00e3o de \u00e1caros, v\u00edrus, bact\u00e9rias do ar-condicionado e habit\u00e1culo<\/li>\n<li>BRINDE &#8211; Cheirinho Litte Tree Brinde<\/li>\n<\/ul>\n","protected":false},"excerpt":{"rendered":"<p>Lavagem minuciosa rica nos detalhes e, principalmente, na prote\u00e7\u00e3o<\/p>\n<p>(caso o tamanho do ve\u00edculo seja marcado errado, o valor da diferen\u00e7a ser\u00e1 extornado ou cobrado ap\u00f3s a lavagem)<\/p>\n","protected":false},"featured_media":588,"comment_status":"open","ping_status":"closed","template":"","meta":[],"product_cat":[27],"product_tag":[],"class_list":{"0":"post-722","1":"product","2":"type-product","3":"status-publish","4":"has-post-thumbnail","6":"product_cat-lavagens","8":"first","9":"instock","10":"virtual","11":"purchasable","12":"product-type-simple"},"_links":{"self":[{"href":"https:\/\/loja.oftalmodoscarros.com.br\/index.php\/wp-json\/wp\/v2\/product\/722"}],"collection":[{"href":"https:\/\/loja.oftalmodoscarros.com.br\/index.php\/wp-json\/wp\/v2\/product"}],"about":[{"href":"https:\/\/loja.oftalmodoscarros.com.br\/index.php\/wp-json\/wp\/v2\/types\/product"}],"replies":[{"embeddable":true,"href":"https:\/\/loja.oftalmodoscarros.com.br\/index.php\/wp-json\/wp\/v2\/comments?post=722"}],"wp:featuredmedia":[{"embeddable":true,"href":"https:\/\/loja.oftalmodoscarros.com.br\/index.php\/wp-json\/wp\/v2\/media\/588"}],"wp:attachment":[{"href":"https:\/\/loja.oftalmodoscarros.com.br\/index.php\/wp-json\/wp\/v2\/media?parent=722"}],"wp:term":[{"taxonomy":"product_cat","embeddable":true,"href":"https:\/\/loja.oftalmodoscarros.com.br\/index.php\/wp-json\/wp\/v2\/product_cat?post=722"},{"taxonomy":"product_tag","embeddable":true,"href":"https:\/\/loja.oftalmodoscarros.com.br\/index.php\/wp-json\/wp\/v2\/product_tag?post=722"}],"curies":[{"name":"wp","href":"https:\/\/api.w.org\/{rel}","templated":true}]}}