{"id":734,"date":"2024-06-19T22:42:13","date_gmt":"2024-06-20T01:42:13","guid":{"rendered":"https:\/\/loja.oftalmodoscarros.com.br\/?post_type=product&#038;p=734"},"modified":"2024-08-05T20:19:22","modified_gmt":"2024-08-05T23:19:22","slug":"lavagem-tradicional-simples-monte-a-sua-lavagem","status":"publish","type":"product","link":"https:\/\/loja.oftalmodoscarros.com.br\/index.php\/produto\/lavagem-tradicional-simples-monte-a-sua-lavagem\/","title":{"rendered":"Lavagem TRADICIONAL SIMPLES (Monte a sua lavagem)"},"content":{"rendered":"<ul>\n<li>Lavagem externa<\/li>\n<li>Caixa de rodas, rodas e pneus<\/li>\n<li>Limpeza interna dos vidros<\/li>\n<li>Limpeza do Painel e Console<\/li>\n<li>Aspira\u00e7\u00e3o<\/li>\n<li>Pretinho nos pneus<\/li>\n<\/ul>\n","protected":false},"excerpt":{"rendered":"<p>Lavagem simples<\/p>\n<p>(caso o tamanho do ve\u00edculo seja marcado errado, o valor da diferen\u00e7a ser\u00e1 extornado ou cobrado ap\u00f3s a lavagem)<\/p>\n","protected":false},"featured_media":632,"comment_status":"open","ping_status":"closed","template":"","meta":[],"product_cat":[27],"product_tag":[],"class_list":{"0":"post-734","1":"product","2":"type-product","3":"status-publish","4":"has-post-thumbnail","6":"product_cat-lavagens","8":"first","9":"instock","10":"virtual","11":"sold-individually","12":"purchasable","13":"product-type-simple"},"_links":{"self":[{"href":"https:\/\/loja.oftalmodoscarros.com.br\/index.php\/wp-json\/wp\/v2\/product\/734"}],"collection":[{"href":"https:\/\/loja.oftalmodoscarros.com.br\/index.php\/wp-json\/wp\/v2\/product"}],"about":[{"href":"https:\/\/loja.oftalmodoscarros.com.br\/index.php\/wp-json\/wp\/v2\/types\/product"}],"replies":[{"embeddable":true,"href":"https:\/\/loja.oftalmodoscarros.com.br\/index.php\/wp-json\/wp\/v2\/comments?post=734"}],"wp:featuredmedia":[{"embeddable":true,"href":"https:\/\/loja.oftalmodoscarros.com.br\/index.php\/wp-json\/wp\/v2\/media\/632"}],"wp:attachment":[{"href":"https:\/\/loja.oftalmodoscarros.com.br\/index.php\/wp-json\/wp\/v2\/media?parent=734"}],"wp:term":[{"taxonomy":"product_cat","embeddable":true,"href":"https:\/\/loja.oftalmodoscarros.com.br\/index.php\/wp-json\/wp\/v2\/product_cat?post=734"},{"taxonomy":"product_tag","embeddable":true,"href":"https:\/\/loja.oftalmodoscarros.com.br\/index.php\/wp-json\/wp\/v2\/product_tag?post=734"}],"curies":[{"name":"wp","href":"https:\/\/api.w.org\/{rel}","templated":true}]}}