{"id":743,"date":"2024-06-28T08:44:18","date_gmt":"2024-06-28T11:44:18","guid":{"rendered":"https:\/\/loja.oftalmodoscarros.com.br\/?post_type=product&#038;p=743"},"modified":"2024-11-04T17:07:31","modified_gmt":"2024-11-04T20:07:31","slug":"remocao-de-chuva-acida-dos-vidros","status":"publish","type":"product","link":"https:\/\/loja.oftalmodoscarros.com.br\/index.php\/produto\/remocao-de-chuva-acida-dos-vidros\/","title":{"rendered":"Remo\u00e7\u00e3o de chuva \u00e0cida dos vidros"},"content":{"rendered":"<p>Este procedimento envolve somente a remo\u00e7\u00e3o de chuva \u00e0cida dos vidros com um produto espec\u00edfico nos vidros laterais e traseiro e no frontal um outro espec\u00edfico com a politriz.<\/p>\n<p>Ap\u00f3s a realiza\u00e7\u00e3o da remo\u00e7\u00e3o, \u00e9 aplicado um cristalizador para manter o servi\u00e7o e manter hidrorepel\u00eancia.<\/p>\n","protected":false},"excerpt":{"rendered":"<p>Remo\u00e7\u00e3o da chuva \u00e1cida dos vidros e aplica\u00e7\u00e3o de cristalizador para hidrorepel\u00eancia<\/p>\n","protected":false},"featured_media":744,"comment_status":"open","ping_status":"closed","template":"","meta":[],"product_cat":[45,27],"product_tag":[],"class_list":{"0":"post-743","1":"product","2":"type-product","3":"status-publish","4":"has-post-thumbnail","6":"product_cat-chuva_acida","7":"product_cat-lavagens","9":"first","10":"instock","11":"virtual","12":"purchasable","13":"product-type-simple"},"_links":{"self":[{"href":"https:\/\/loja.oftalmodoscarros.com.br\/index.php\/wp-json\/wp\/v2\/product\/743"}],"collection":[{"href":"https:\/\/loja.oftalmodoscarros.com.br\/index.php\/wp-json\/wp\/v2\/product"}],"about":[{"href":"https:\/\/loja.oftalmodoscarros.com.br\/index.php\/wp-json\/wp\/v2\/types\/product"}],"replies":[{"embeddable":true,"href":"https:\/\/loja.oftalmodoscarros.com.br\/index.php\/wp-json\/wp\/v2\/comments?post=743"}],"wp:featuredmedia":[{"embeddable":true,"href":"https:\/\/loja.oftalmodoscarros.com.br\/index.php\/wp-json\/wp\/v2\/media\/744"}],"wp:attachment":[{"href":"https:\/\/loja.oftalmodoscarros.com.br\/index.php\/wp-json\/wp\/v2\/media?parent=743"}],"wp:term":[{"taxonomy":"product_cat","embeddable":true,"href":"https:\/\/loja.oftalmodoscarros.com.br\/index.php\/wp-json\/wp\/v2\/product_cat?post=743"},{"taxonomy":"product_tag","embeddable":true,"href":"https:\/\/loja.oftalmodoscarros.com.br\/index.php\/wp-json\/wp\/v2\/product_tag?post=743"}],"curies":[{"name":"wp","href":"https:\/\/api.w.org\/{rel}","templated":true}]}}