{"id":751,"date":"2024-06-28T15:09:33","date_gmt":"2024-06-28T18:09:33","guid":{"rendered":"https:\/\/loja.oftalmodoscarros.com.br\/?post_type=product&#038;p=751"},"modified":"2025-11-06T23:18:54","modified_gmt":"2025-11-07T02:18:54","slug":"1l-polimero-para-revitalizacao-de-farois-com-uv","status":"publish","type":"product","link":"https:\/\/loja.oftalmodoscarros.com.br\/index.php\/produto\/1l-polimero-para-revitalizacao-de-farois-com-uv\/","title":{"rendered":"1L Pol\u00edmero para revitaliza\u00e7\u00e3o de far\u00f3is com UV"},"content":{"rendered":"<p>Pol\u00edmero l\u00edquido para revitaliza\u00e7\u00e3o de far\u00f3is.<\/p>\n<p>Conte\u00fado: 1 Litro<\/p>\n<p>Recomenda-se lixar corretamente at\u00e9 o gr\u00e3o 2000 para melhor efici\u00eancia de nitidez no resultado.<\/p>\n<p>Usar EPI (Mascara vapor, Luvas nitr\u00edlicas e \u00f3culos)<\/p>\n<p>Uso Profissional<\/p>\n<p>Produto n\u00e3o inflam\u00e1vel &#8211; N\u00e3o inalar<\/p>\n","protected":false},"excerpt":{"rendered":"<p>Pol\u00edmero l\u00edquido para revitaliza\u00e7\u00e3o de far\u00f3is com UV.<br \/>\n1 Litro<br \/>\nRecomenda-se lixar corretamente at\u00e9 o gr\u00e3o 2000 para melhor efici\u00eancia de nitidez no resultado.<\/p>\n<p>Frete a combinar<\/p>\n","protected":false},"featured_media":752,"comment_status":"open","ping_status":"closed","template":"","meta":[],"product_cat":[23,46],"product_tag":[],"class_list":{"0":"post-751","1":"product","2":"type-product","3":"status-publish","4":"has-post-thumbnail","6":"product_cat-polimento","7":"product_cat-revitalizacao_farois","9":"first","10":"outofstock","11":"sale","12":"shipping-taxable","13":"purchasable","14":"product-type-simple"},"_links":{"self":[{"href":"https:\/\/loja.oftalmodoscarros.com.br\/index.php\/wp-json\/wp\/v2\/product\/751"}],"collection":[{"href":"https:\/\/loja.oftalmodoscarros.com.br\/index.php\/wp-json\/wp\/v2\/product"}],"about":[{"href":"https:\/\/loja.oftalmodoscarros.com.br\/index.php\/wp-json\/wp\/v2\/types\/product"}],"replies":[{"embeddable":true,"href":"https:\/\/loja.oftalmodoscarros.com.br\/index.php\/wp-json\/wp\/v2\/comments?post=751"}],"wp:featuredmedia":[{"embeddable":true,"href":"https:\/\/loja.oftalmodoscarros.com.br\/index.php\/wp-json\/wp\/v2\/media\/752"}],"wp:attachment":[{"href":"https:\/\/loja.oftalmodoscarros.com.br\/index.php\/wp-json\/wp\/v2\/media?parent=751"}],"wp:term":[{"taxonomy":"product_cat","embeddable":true,"href":"https:\/\/loja.oftalmodoscarros.com.br\/index.php\/wp-json\/wp\/v2\/product_cat?post=751"},{"taxonomy":"product_tag","embeddable":true,"href":"https:\/\/loja.oftalmodoscarros.com.br\/index.php\/wp-json\/wp\/v2\/product_tag?post=751"}],"curies":[{"name":"wp","href":"https:\/\/api.w.org\/{rel}","templated":true}]}}